{"id":31449,"date":"2024-07-10T15:52:23","date_gmt":"2024-07-10T13:52:23","guid":{"rendered":"https:\/\/imagineformargo.org\/?page_id=31449"},"modified":"2024-07-10T15:52:23","modified_gmt":"2024-07-10T13:52:23","slug":"programme-epirt-sur-les-tumeurs-rhabdoides","status":"publish","type":"page","link":"https:\/\/imagineformargo.org\/en\/programme-epirt-sur-les-tumeurs-rhabdoides\/","title":{"rendered":"Programme EpiRT sur les tumeurs rhabdo\u00efdes"},"content":{"rendered":"<p><span style=\"color: #11a2dd\"><em><strong><img loading=\"lazy\" decoding=\"async\" class=\"wp-image-11664 alignleft\" src=\"https:\/\/imagineformargo.org\/wp-content\/uploads\/RECHERCHE.png\" alt=\"RECHERCHE\" width=\"200\" height=\"200\" srcset=\"https:\/\/imagineformargo.org\/wp-content\/uploads\/RECHERCHE.png 2421w, https:\/\/imagineformargo.org\/wp-content\/uploads\/RECHERCHE-768x768.png 768w\" sizes=\"auto, (max-width: 200px) 100vw, 200px\" \/><\/strong><\/em>PROGRAMME SUR LES TUMEURS RHABDO\u00cfDES<\/span><\/p>\n<p><em>Combination of epidrugs in Rhabdoid tumors : a comprehensive analysis of effectiveness and of the mechanisms of resistance<\/em><\/p>\n<p><span lang=\"EN-GB\"><em>This program is co-funded by the Enfants sans Cancer 2020 race and was selected following the Fight Kids Cancer call for projects that we launched in January 2020. <a href=\"https:\/\/imagineformargo.org\/fightkidscancersixprogrammexderecherchedepointeselectionnes\/\">Learn more<\/a><\/em><\/span><\/p>\n<p>&nbsp;<\/p>\n<p><strong>About Rhabdoid Tumors in Children<\/strong><\/p>\n<p>Rhabdoid tumors are rare but highly aggressive cancers that mainly affect young infants and children under 3 years old. This cancer can develop in multiple organs, including the brain, and treatment usually involves a combination of surgery, radiotherapy, and chemotherapy. This therapeutic approach is effective for only a minority of patients, who often suffer from significant long-term effects. Therefore, it is necessary to develop effective treatments targeting the specific molecular and genetic characteristics of these tumors.<\/p>\n<p>Recent research has shown that 95% of rhabdoid tumors are associated with an alteration of the SMARCB1 gene, which is supposed to prevent cell proliferation. This genetic mutation can be hereditary (germline mutation) or occur only in tumor cells, as is often the case.<\/p>\n<p>&nbsp;<\/p>\n<p><strong>About EpiRT<\/strong><\/p>\n<p>SMARCB1 regulates the expression of many genes within the cell. By affecting DNA remodeling (compaction or decompaction), certain genes become accessible or inaccessible, thus facilitating or inhibiting their expression. This is known as epigenetics, which involves regulatory mechanisms of gene activity in a cell that can be passed on to its daughter cells during cell division. These changes are associated with many diseases, including cancer. Abnormal epigenetic regulations can lead to the production of proteins that enhance the proliferation of cancer cells or limit the expression of factors that prevent cell division.<\/p>\n<p>These discoveries are relatively recent in biology, and we are increasingly witnessing the emergence of epigenetic therapies in healthcare. This project aims to develop &#8220;epidrugs&#8221; that target the altered function of SMARCB1, such as EZH2 or DNMT inhibitors, which have shown promising but temporary efficacy signals in rhabdoid tumors. These inhibitors have been tested in combination with other treatments on rhabdoid tumor models in the laboratory.<\/p>\n<p>&nbsp;<\/p>\n<p><strong>Project Progress<\/strong><\/p>\n<p>Among the tested molecules, the combination of 2 agents (names remain confidential) has shown significant effects in blocking tumor progression of human tumors in a mouse model. Additional studies will be conducted soon, including the genetic profile evolution of treated tumors to better understand this therapeutic mechanism, which has potential for clinical development. Researchers will also analyze the impact of these treatments on the tumor microenvironment, particularly whether the immune system becomes more active against these tumors.<\/p>\n<p>&nbsp;<\/p>\n<p><strong>EpiRT Project Summary<\/strong><\/p>\n<ul>\n<li><strong>Coordinating Investigators:<\/strong> Drs. Franck Bourdeaut, Kornelius Kerl, and C\u00e9line Vallot<\/li>\n<li><strong>Program Duration:<\/strong> January 2021 &#8211; January 2025<\/li>\n<li><strong>Countries Involved:<\/strong> France, Germany<\/li>\n<li><strong>Funding:<\/strong> Fight Kids Cancer: \u20ac500,000, including funding from Imagine for Margo: \u20ac239,448<\/li>\n<\/ul>\n<p><img loading=\"lazy\" decoding=\"async\" class=\"alignnone wp-image-23149\" src=\"https:\/\/imagineformargo.org\/wp-content\/uploads\/logo_institut_curie-792x800.jpg\" alt=\"\" width=\"82\" height=\"83\" srcset=\"https:\/\/imagineformargo.org\/wp-content\/uploads\/logo_institut_curie-792x800.jpg 792w, https:\/\/imagineformargo.org\/wp-content\/uploads\/logo_institut_curie-990x1000.jpg 990w, https:\/\/imagineformargo.org\/wp-content\/uploads\/logo_institut_curie-50x50.jpg 50w, https:\/\/imagineformargo.org\/wp-content\/uploads\/logo_institut_curie-768x776.jpg 768w, https:\/\/imagineformargo.org\/wp-content\/uploads\/logo_institut_curie-1520x1536.jpg 1520w, https:\/\/imagineformargo.org\/wp-content\/uploads\/logo_institut_curie-2027x2048.jpg 2027w, https:\/\/imagineformargo.org\/wp-content\/uploads\/logo_institut_curie-215x215.jpg 215w, https:\/\/imagineformargo.org\/wp-content\/uploads\/logo_institut_curie-170x170.jpg 170w, https:\/\/imagineformargo.org\/wp-content\/uploads\/logo_institut_curie-130x130.jpg 130w, https:\/\/imagineformargo.org\/wp-content\/uploads\/logo_institut_curie-65x65.jpg 65w, https:\/\/imagineformargo.org\/wp-content\/uploads\/logo_institut_curie-150x150.jpg 150w, https:\/\/imagineformargo.org\/wp-content\/uploads\/logo_institut_curie-99x100.jpg 99w, https:\/\/imagineformargo.org\/wp-content\/uploads\/logo_institut_curie-360x360.jpg 360w, https:\/\/imagineformargo.org\/wp-content\/uploads\/logo_institut_curie-400x404.jpg 400w\" sizes=\"auto, (max-width: 82px) 100vw, 82px\" \/><\/p>\n<div class=\"media--video-embed\"><div class=\"media--video-embed\"><iframe loading=\"lazy\" title=\"Le Docteur Franck Bourdeaut explique le programme de recherche EpiRT\" width=\"500\" height=\"375\" src=\"https:\/\/www.youtube.com\/embed\/O-hxUXOwCVk?feature=oembed\" frameborder=\"0\" allow=\"accelerometer; autoplay; clipboard-write; encrypted-media; gyroscope; picture-in-picture; web-share\" referrerpolicy=\"strict-origin-when-cross-origin\" allowfullscreen><\/iframe><\/div><\/div>\n<p>&nbsp;<\/p>\n<h3 style=\"text-align: center\"><a href=\"https:\/\/imagineformargo.org\/la-recherche\/\"><strong>D\u00e9couvrez les autres essais que nous co-finan\u00e7ons pour acc\u00e9l\u00e9rer la recherche contre le cancer des enfants.<\/strong><\/a><\/h3>\n","protected":false},"excerpt":{"rendered":"<p>PROGRAMME SUR LES TUMEURS RHABDO\u00cfDES Combination of epidrugs in Rhabdoid tumors : a comprehensive analysis of effectiveness and of the mechanisms of resistance This program is co-funded by the Enfants sans Cancer 2020 race and was selected following the Fight Kids Cancer call for projects that we launched in January 2020. Learn more &nbsp; About [&hellip;]<\/p>\n","protected":false},"author":20,"featured_media":0,"parent":0,"menu_order":0,"comment_status":"closed","ping_status":"closed","template":"","meta":{"_acf_changed":false,"footnotes":""},"class_list":["post-31449","page","type-page","status-publish","hentry"],"acf":[],"yoast_head":"<!-- This site is optimized with the Yoast SEO plugin v27.2 - https:\/\/yoast.com\/product\/yoast-seo-wordpress\/ -->\n<title>Programme EpiRT sur les tumeurs rhabdo\u00efdes - Imagine for Margo<\/title>\n<meta name=\"robots\" content=\"index, follow, max-snippet:-1, max-image-preview:large, max-video-preview:-1\" \/>\n<link rel=\"canonical\" href=\"https:\/\/imagineformargo.org\/en\/programme-epirt-sur-les-tumeurs-rhabdoides\/\" \/>\n<meta property=\"og:locale\" content=\"en_US\" \/>\n<meta property=\"og:type\" content=\"article\" \/>\n<meta property=\"og:title\" content=\"Programme EpiRT sur les tumeurs rhabdo\u00efdes - Imagine for Margo\" \/>\n<meta property=\"og:description\" content=\"PROGRAMME SUR LES TUMEURS RHABDO\u00cfDES Combination of epidrugs in Rhabdoid tumors : a comprehensive analysis of effectiveness and of the mechanisms of resistance This program is co-funded by the Enfants sans Cancer 2020 race and was selected following the Fight Kids Cancer call for projects that we launched in January 2020. Learn more &nbsp; About [&hellip;]\" \/>\n<meta property=\"og:url\" content=\"https:\/\/imagineformargo.org\/en\/programme-epirt-sur-les-tumeurs-rhabdoides\/\" \/>\n<meta property=\"og:site_name\" content=\"Imagine for Margo\" \/>\n<meta property=\"article:publisher\" content=\"https:\/\/www.facebook.com\/imagine.for.margo\/\" \/>\n<meta property=\"og:image\" content=\"https:\/\/imagineformargo.org\/wp-content\/uploads\/RECHERCHE.png\" \/>\n<meta name=\"twitter:card\" content=\"summary_large_image\" \/>\n<meta name=\"twitter:site\" content=\"@ImagineforMargo\" \/>\n<meta name=\"twitter:label1\" content=\"Est. reading time\" \/>\n\t<meta name=\"twitter:data1\" content=\"3 minutes\" \/>\n<script type=\"application\/ld+json\" class=\"yoast-schema-graph\">{\"@context\":\"https:\/\/schema.org\",\"@graph\":[{\"@type\":\"WebPage\",\"@id\":\"https:\/\/imagineformargo.org\/en\/programme-epirt-sur-les-tumeurs-rhabdoides\/\",\"url\":\"https:\/\/imagineformargo.org\/en\/programme-epirt-sur-les-tumeurs-rhabdoides\/\",\"name\":\"Programme EpiRT sur les tumeurs rhabdo\u00efdes - Imagine for Margo\",\"isPartOf\":{\"@id\":\"https:\/\/imagineformargo.org\/#website\"},\"primaryImageOfPage\":{\"@id\":\"https:\/\/imagineformargo.org\/en\/programme-epirt-sur-les-tumeurs-rhabdoides\/#primaryimage\"},\"image\":{\"@id\":\"https:\/\/imagineformargo.org\/en\/programme-epirt-sur-les-tumeurs-rhabdoides\/#primaryimage\"},\"thumbnailUrl\":\"https:\/\/imagineformargo.org\/wp-content\/uploads\/RECHERCHE.png\",\"datePublished\":\"2024-07-10T13:52:23+00:00\",\"breadcrumb\":{\"@id\":\"https:\/\/imagineformargo.org\/en\/programme-epirt-sur-les-tumeurs-rhabdoides\/#breadcrumb\"},\"inLanguage\":\"en-US\",\"potentialAction\":[{\"@type\":\"ReadAction\",\"target\":[\"https:\/\/imagineformargo.org\/en\/programme-epirt-sur-les-tumeurs-rhabdoides\/\"]}]},{\"@type\":\"ImageObject\",\"inLanguage\":\"en-US\",\"@id\":\"https:\/\/imagineformargo.org\/en\/programme-epirt-sur-les-tumeurs-rhabdoides\/#primaryimage\",\"url\":\"https:\/\/imagineformargo.org\/wp-content\/uploads\/RECHERCHE.png\",\"contentUrl\":\"https:\/\/imagineformargo.org\/wp-content\/uploads\/RECHERCHE.png\"},{\"@type\":\"BreadcrumbList\",\"@id\":\"https:\/\/imagineformargo.org\/en\/programme-epirt-sur-les-tumeurs-rhabdoides\/#breadcrumb\",\"itemListElement\":[{\"@type\":\"ListItem\",\"position\":1,\"name\":\"Accueil\",\"item\":\"https:\/\/imagineformargo.org\/en\/\"},{\"@type\":\"ListItem\",\"position\":2,\"name\":\"Programme EpiRT sur les tumeurs rhabdo\u00efdes\"}]},{\"@type\":\"WebSite\",\"@id\":\"https:\/\/imagineformargo.org\/#website\",\"url\":\"https:\/\/imagineformargo.org\/\",\"name\":\"Imagine for Margo\",\"description\":\"Children without Cancer\",\"publisher\":{\"@id\":\"https:\/\/imagineformargo.org\/#organization\"},\"potentialAction\":[{\"@type\":\"SearchAction\",\"target\":{\"@type\":\"EntryPoint\",\"urlTemplate\":\"https:\/\/imagineformargo.org\/?s={search_term_string}\"},\"query-input\":{\"@type\":\"PropertyValueSpecification\",\"valueRequired\":true,\"valueName\":\"search_term_string\"}}],\"inLanguage\":\"en-US\"},{\"@type\":\"Organization\",\"@id\":\"https:\/\/imagineformargo.org\/#organization\",\"name\":\"Imagine for Margo\",\"url\":\"https:\/\/imagineformargo.org\/\",\"logo\":{\"@type\":\"ImageObject\",\"inLanguage\":\"en-US\",\"@id\":\"https:\/\/imagineformargo.org\/#\/schema\/logo\/image\/\",\"url\":\"https:\/\/imagineformargo.org\/wp-content\/uploads\/logo-imagine-for-margo-long.png\",\"contentUrl\":\"https:\/\/imagineformargo.org\/wp-content\/uploads\/logo-imagine-for-margo-long.png\",\"width\":1911,\"height\":623,\"caption\":\"Imagine for Margo\"},\"image\":{\"@id\":\"https:\/\/imagineformargo.org\/#\/schema\/logo\/image\/\"},\"sameAs\":[\"https:\/\/www.facebook.com\/imagine.for.margo\/\",\"https:\/\/x.com\/ImagineforMargo\",\"https:\/\/www.instagram.com\/imagineformargo_officiel\/\",\"https:\/\/www.linkedin.com\/company\/imagine-for-margo\/\",\"https:\/\/www.youtube.com\/@imagineformargo2352\",\"https:\/\/www.tiktok.com\/@imagine_for_margo\"]}]}<\/script>\n<!-- \/ Yoast SEO plugin. -->","yoast_head_json":{"title":"Programme EpiRT sur les tumeurs rhabdo\u00efdes - Imagine for Margo","robots":{"index":"index","follow":"follow","max-snippet":"max-snippet:-1","max-image-preview":"max-image-preview:large","max-video-preview":"max-video-preview:-1"},"canonical":"https:\/\/imagineformargo.org\/en\/programme-epirt-sur-les-tumeurs-rhabdoides\/","og_locale":"en_US","og_type":"article","og_title":"Programme EpiRT sur les tumeurs rhabdo\u00efdes - Imagine for Margo","og_description":"PROGRAMME SUR LES TUMEURS RHABDO\u00cfDES Combination of epidrugs in Rhabdoid tumors : a comprehensive analysis of effectiveness and of the mechanisms of resistance This program is co-funded by the Enfants sans Cancer 2020 race and was selected following the Fight Kids Cancer call for projects that we launched in January 2020. Learn more &nbsp; About [&hellip;]","og_url":"https:\/\/imagineformargo.org\/en\/programme-epirt-sur-les-tumeurs-rhabdoides\/","og_site_name":"Imagine for Margo","article_publisher":"https:\/\/www.facebook.com\/imagine.for.margo\/","og_image":[{"url":"https:\/\/imagineformargo.org\/wp-content\/uploads\/RECHERCHE.png","type":"","width":"","height":""}],"twitter_card":"summary_large_image","twitter_site":"@ImagineforMargo","twitter_misc":{"Est. reading time":"3 minutes"},"schema":{"@context":"https:\/\/schema.org","@graph":[{"@type":"WebPage","@id":"https:\/\/imagineformargo.org\/en\/programme-epirt-sur-les-tumeurs-rhabdoides\/","url":"https:\/\/imagineformargo.org\/en\/programme-epirt-sur-les-tumeurs-rhabdoides\/","name":"Programme EpiRT sur les tumeurs rhabdo\u00efdes - Imagine for Margo","isPartOf":{"@id":"https:\/\/imagineformargo.org\/#website"},"primaryImageOfPage":{"@id":"https:\/\/imagineformargo.org\/en\/programme-epirt-sur-les-tumeurs-rhabdoides\/#primaryimage"},"image":{"@id":"https:\/\/imagineformargo.org\/en\/programme-epirt-sur-les-tumeurs-rhabdoides\/#primaryimage"},"thumbnailUrl":"https:\/\/imagineformargo.org\/wp-content\/uploads\/RECHERCHE.png","datePublished":"2024-07-10T13:52:23+00:00","breadcrumb":{"@id":"https:\/\/imagineformargo.org\/en\/programme-epirt-sur-les-tumeurs-rhabdoides\/#breadcrumb"},"inLanguage":"en-US","potentialAction":[{"@type":"ReadAction","target":["https:\/\/imagineformargo.org\/en\/programme-epirt-sur-les-tumeurs-rhabdoides\/"]}]},{"@type":"ImageObject","inLanguage":"en-US","@id":"https:\/\/imagineformargo.org\/en\/programme-epirt-sur-les-tumeurs-rhabdoides\/#primaryimage","url":"https:\/\/imagineformargo.org\/wp-content\/uploads\/RECHERCHE.png","contentUrl":"https:\/\/imagineformargo.org\/wp-content\/uploads\/RECHERCHE.png"},{"@type":"BreadcrumbList","@id":"https:\/\/imagineformargo.org\/en\/programme-epirt-sur-les-tumeurs-rhabdoides\/#breadcrumb","itemListElement":[{"@type":"ListItem","position":1,"name":"Accueil","item":"https:\/\/imagineformargo.org\/en\/"},{"@type":"ListItem","position":2,"name":"Programme EpiRT sur les tumeurs rhabdo\u00efdes"}]},{"@type":"WebSite","@id":"https:\/\/imagineformargo.org\/#website","url":"https:\/\/imagineformargo.org\/","name":"Imagine for Margo","description":"Children without Cancer","publisher":{"@id":"https:\/\/imagineformargo.org\/#organization"},"potentialAction":[{"@type":"SearchAction","target":{"@type":"EntryPoint","urlTemplate":"https:\/\/imagineformargo.org\/?s={search_term_string}"},"query-input":{"@type":"PropertyValueSpecification","valueRequired":true,"valueName":"search_term_string"}}],"inLanguage":"en-US"},{"@type":"Organization","@id":"https:\/\/imagineformargo.org\/#organization","name":"Imagine for Margo","url":"https:\/\/imagineformargo.org\/","logo":{"@type":"ImageObject","inLanguage":"en-US","@id":"https:\/\/imagineformargo.org\/#\/schema\/logo\/image\/","url":"https:\/\/imagineformargo.org\/wp-content\/uploads\/logo-imagine-for-margo-long.png","contentUrl":"https:\/\/imagineformargo.org\/wp-content\/uploads\/logo-imagine-for-margo-long.png","width":1911,"height":623,"caption":"Imagine for Margo"},"image":{"@id":"https:\/\/imagineformargo.org\/#\/schema\/logo\/image\/"},"sameAs":["https:\/\/www.facebook.com\/imagine.for.margo\/","https:\/\/x.com\/ImagineforMargo","https:\/\/www.instagram.com\/imagineformargo_officiel\/","https:\/\/www.linkedin.com\/company\/imagine-for-margo\/","https:\/\/www.youtube.com\/@imagineformargo2352","https:\/\/www.tiktok.com\/@imagine_for_margo"]}]}},"_links":{"self":[{"href":"https:\/\/imagineformargo.org\/en\/wp-json\/wp\/v2\/pages\/31449","targetHints":{"allow":["GET"]}}],"collection":[{"href":"https:\/\/imagineformargo.org\/en\/wp-json\/wp\/v2\/pages"}],"about":[{"href":"https:\/\/imagineformargo.org\/en\/wp-json\/wp\/v2\/types\/page"}],"author":[{"embeddable":true,"href":"https:\/\/imagineformargo.org\/en\/wp-json\/wp\/v2\/users\/20"}],"replies":[{"embeddable":true,"href":"https:\/\/imagineformargo.org\/en\/wp-json\/wp\/v2\/comments?post=31449"}],"version-history":[{"count":1,"href":"https:\/\/imagineformargo.org\/en\/wp-json\/wp\/v2\/pages\/31449\/revisions"}],"predecessor-version":[{"id":31450,"href":"https:\/\/imagineformargo.org\/en\/wp-json\/wp\/v2\/pages\/31449\/revisions\/31450"}],"wp:attachment":[{"href":"https:\/\/imagineformargo.org\/en\/wp-json\/wp\/v2\/media?parent=31449"}],"curies":[{"name":"wp","href":"https:\/\/api.w.org\/{rel}","templated":true}]}}